{"id":100,"date":"2013-11-25T13:24:40","date_gmt":"2013-11-25T11:24:40","guid":{"rendered":"http:\/\/www.hardyhuebener.de\/olkf\/?page_id=100"},"modified":"2016-10-16T10:48:13","modified_gmt":"2016-10-16T08:48:13","slug":"sammlung-dr-thomas-brand","status":"publish","type":"page","link":"http:\/\/www.oldenburger-kakteenfreunde.eu\/?page_id=100","title":{"rendered":"Sammlung Dr. Thomas Brand"},"content":{"rendered":"<p>Seit 1986 in der DKG, seit 2003 in der Fachgesellschaft andere\u00a0 Sukkulenten ist mein Interesse breit gestreut, was man in meinem\u00a0 Gew\u00e4chshaus und Garten sieht: Kakteen vieler Gattungen, Sukkulenten aus\u00a0 aller Welt, winterwachsende S\u00fcdafrikaner, frostharte Kakteen \u2026<\/p>\n<p>Seit 2009 gibt\u00a0 es von mir ein Buch zum Thema &#8222;<a href=\"http:\/\/www.dkg.eu\/cs\/index.pl?navid=sonstige_Publikationen_der_DKG_1027&#038;sid=c\">Pflanzenschutz bei Kakteen und anderen\u00a0 Sukkulenten<\/a>&#8222;, das von der DKG herausgegeben wurde. Zu dem Thema (und zu anderen auch) halte ich auf Anfrage Vortr\u00e4ge bei Kakteenvereinen.<\/p>\n<p>&nbsp;<\/p>\n<div style=\"text-align: center;\">\n<p><img decoding=\"async\" src=\"http:\/\/www.hardyhuebener.de\/olkf\/wp-content\/uploads\/2013\/11\/brand_1.jpg\" alt=\"Das Zusatzlicht f\u00fcr meine Winterwachser erhellt auch den verschneiten Garten.\" \/><br \/>\nDas Zusatzlicht f\u00fcr meine Winterwachser erhellt auch den verschneiten Garten.<br \/>\n&nbsp;<\/p>\n<p><img decoding=\"async\" src=\"http:\/\/www.hardyhuebener.de\/olkf\/wp-content\/uploads\/2013\/11\/brand_2.jpg\" alt=\"Rote Bl\u00fcten an wei\u00dfen Kaktusschw\u00e4nzen: Winterocereus colademononis.\" \/><br \/>\nRote Bl\u00fcten an wei\u00dfen Kaktusschw\u00e4nzen: Winterocereus colademononis.<br \/>\n&nbsp;<\/p>\n<p><img decoding=\"async\" src=\"http:\/\/www.hardyhuebener.de\/olkf\/wp-content\/uploads\/2013\/11\/brand_3.jpg\" alt=\"Im zeitigen Fr\u00fchjahr ist der Bl\u00fctenflor von Aloinopsis spathulata eine wahre Pracht.\" \/><br \/>\nIm zeitigen Fr\u00fchjahr ist der Bl\u00fctenflor von Aloinopsis spathulata eine wahre Pracht.<br \/>\n&nbsp;<\/p>\n<p><img decoding=\"async\" src=\"http:\/\/www.hardyhuebener.de\/olkf\/wp-content\/uploads\/2013\/11\/brand_4.jpg\" alt=\"Die n\u00e4chtlichen Bl\u00fcten von Pygmaeocereus bylesianus duften nach Waschmittel.\" \/><br \/>\nDie n\u00e4chtlichen Bl\u00fcten von Pygmaeocereus bylesianus duften nach Waschmittel.<br \/>\n&nbsp;<\/p>\n<p><img decoding=\"async\" src=\"http:\/\/www.hardyhuebener.de\/olkf\/wp-content\/uploads\/2013\/11\/brand_5-201x300.jpg\" alt=\"In einer kalten Dezembernacht 2010 bildeten sich herrliche Eisnadeln an den Dornen der winterharten Kakteen.\" \/><br \/>\nIn einer kalten Dezembernacht 2010 bildeten sich herrliche Eisnadeln an den Dornen der winterharten Kakteen.<br \/>\n&nbsp;<\/p>\n<p><img decoding=\"async\" src=\"http:\/\/www.hardyhuebener.de\/olkf\/wp-content\/uploads\/2013\/11\/brand_6.jpg\" alt=\"Die herrlichen Bl\u00fcten von Aloinopsis rubrolineata \u00f6ffnen sich nur am Nachmittag sonniger Wintertage.\" \/><br \/>\nDie herrlichen Bl\u00fcten von Aloinopsis rubrolineata \u00f6ffnen sich nur am Nachmittag sonniger Wintertage.<br \/>\n&nbsp;<\/p>\n<p><img decoding=\"async\" src=\"http:\/\/www.hardyhuebener.de\/olkf\/wp-content\/uploads\/2013\/11\/brand_7.jpg\" alt=\"Richtige Anf\u00e4ngerpflanzen sind Faucarien, denn sie bl\u00fchen im Herbst leicht auch am Fensterbrett.\" \/><br \/>\nRichtige Anf\u00e4ngerpflanzen sind Faucarien, denn sie bl\u00fchen im Herbst leicht auch am Fensterbrett.<br \/>\n&nbsp;<\/p>\n<p><img decoding=\"async\" src=\"http:\/\/www.hardyhuebener.de\/olkf\/wp-content\/uploads\/2013\/11\/brand_8.jpg\" alt=\"Wei\u00dfe Dornen, pinke Bl\u00fcten \u2013 Neoporteria (Eriosyce) senilis ein echter Hingucker.\" \/><br \/>\nWei\u00dfe Dornen, pinke Bl\u00fcten \u2013 Neoporteria (Eriosyce) senilis ein echter Hingucker.<br \/>\n&nbsp;<\/p>\n<p><img decoding=\"async\" src=\"http:\/\/www.hardyhuebener.de\/olkf\/wp-content\/uploads\/2013\/11\/brand_9.jpg\" alt=\"Pelargonium oblongatum bl\u00fcht nach der winterlichen Vegetationszeit \u00fcber einen langen Zeitraum. L\u00e4ngst sind die Bl\u00e4tter eingzogen.\" \/><br \/>\nPelargonium oblongatum bl\u00fcht nach der winterlichen Vegetationszeit \u00fcber einen langen Zeitraum. L\u00e4ngst sind die Bl\u00e4tter eingzogen.<br \/>\n&nbsp;<\/p>\n<\/div>\n","protected":false},"excerpt":{"rendered":"<p>Seit 1986 in der DKG, seit 2003 in der Fachgesellschaft andere\u00a0 Sukkulenten ist mein Interesse breit gestreut, was man in meinem\u00a0 Gew\u00e4chshaus und Garten sieht: Kakteen vieler Gattungen, Sukkulenten aus\u00a0 aller Welt, winterwachsende S\u00fcdafrikaner, frostharte Kakteen \u2026 Seit 2009 gibt\u00a0 es von mir ein Buch zum Thema &#8222;Pflanzenschutz bei Kakteen und anderen\u00a0 Sukkulenten&#8222;, das von [&hellip;]<\/p>\n","protected":false},"author":3,"featured_media":0,"parent":33,"menu_order":0,"comment_status":"closed","ping_status":"closed","template":"page-full-width.php","meta":{"footnotes":""},"class_list":["post-100","page","type-page","status-publish","hentry"],"_links":{"self":[{"href":"http:\/\/www.oldenburger-kakteenfreunde.eu\/index.php?rest_route=\/wp\/v2\/pages\/100","targetHints":{"allow":["GET"]}}],"collection":[{"href":"http:\/\/www.oldenburger-kakteenfreunde.eu\/index.php?rest_route=\/wp\/v2\/pages"}],"about":[{"href":"http:\/\/www.oldenburger-kakteenfreunde.eu\/index.php?rest_route=\/wp\/v2\/types\/page"}],"author":[{"embeddable":true,"href":"http:\/\/www.oldenburger-kakteenfreunde.eu\/index.php?rest_route=\/wp\/v2\/users\/3"}],"replies":[{"embeddable":true,"href":"http:\/\/www.oldenburger-kakteenfreunde.eu\/index.php?rest_route=%2Fwp%2Fv2%2Fcomments&post=100"}],"version-history":[{"count":22,"href":"http:\/\/www.oldenburger-kakteenfreunde.eu\/index.php?rest_route=\/wp\/v2\/pages\/100\/revisions"}],"predecessor-version":[{"id":397,"href":"http:\/\/www.oldenburger-kakteenfreunde.eu\/index.php?rest_route=\/wp\/v2\/pages\/100\/revisions\/397"}],"up":[{"embeddable":true,"href":"http:\/\/www.oldenburger-kakteenfreunde.eu\/index.php?rest_route=\/wp\/v2\/pages\/33"}],"wp:attachment":[{"href":"http:\/\/www.oldenburger-kakteenfreunde.eu\/index.php?rest_route=%2Fwp%2Fv2%2Fmedia&parent=100"}],"curies":[{"name":"wp","href":"https:\/\/api.w.org\/{rel}","templated":true}]}}