{"id":126,"date":"2013-11-25T13:58:01","date_gmt":"2013-11-25T11:58:01","guid":{"rendered":"http:\/\/www.hardyhuebener.de\/olkf\/?page_id=126"},"modified":"2013-11-25T14:05:33","modified_gmt":"2013-11-25T12:05:33","slug":"sammlung-siegfried-janssen","status":"publish","type":"page","link":"http:\/\/www.oldenburger-kakteenfreunde.eu\/?page_id=126","title":{"rendered":"Sammlung Siegfried Janssen"},"content":{"rendered":"<p>Seit vielen Jahren besch\u00e4ftige ich mich schon hobbym\u00e4\u00dfig mit Kakteen und Sukkulenten. Bevorzugt sammle ich kleine Aloen, Haworthien und Gasterien, aber auch kleine Agaven und Yuccas. Ferner versuche ich, durch Mitgliedschaft in mehreren internationalen Kakteenvereinen die neuesten Entwicklungen mitzubekommen. Als Ruhest\u00e4ndler habe ich auch die Zeit, in der &#8222;Fachgesellschaft Andere Sukkulenten&#8220; mit gro\u00dfer Freude im Vorstand mitzuarbeiten.<\/p>\n<p>&nbsp;<\/p>\n<div id=\"attachment_128\" style=\"width: 310px\" class=\"wp-caption aligncenter\"><a href=\"http:\/\/www.hardyhuebener.de\/olkf\/wp-content\/uploads\/2013\/11\/janssen_1.jpg\"><img loading=\"lazy\" decoding=\"async\" aria-describedby=\"caption-attachment-128\" class=\"size-medium wp-image-128\" alt=\"Winterstimmung am Gew\u00e4chshaus\" src=\"http:\/\/www.hardyhuebener.de\/olkf\/wp-content\/uploads\/2013\/11\/janssen_1-300x224.jpg\" width=\"300\" height=\"224\" srcset=\"http:\/\/www.oldenburger-kakteenfreunde.eu\/wp-content\/uploads\/2013\/11\/janssen_1-300x224.jpg 300w, http:\/\/www.oldenburger-kakteenfreunde.eu\/wp-content\/uploads\/2013\/11\/janssen_1.jpg 448w\" sizes=\"auto, (max-width: 300px) 100vw, 300px\" \/><\/a><p id=\"caption-attachment-128\" class=\"wp-caption-text\">Winterstimmung am Gew\u00e4chshaus<\/p><\/div>\n<div id=\"attachment_129\" style=\"width: 310px\" class=\"wp-caption aligncenter\"><a href=\"http:\/\/www.hardyhuebener.de\/olkf\/wp-content\/uploads\/2013\/11\/janssen_2.jpg\"><img loading=\"lazy\" decoding=\"async\" aria-describedby=\"caption-attachment-129\" class=\"size-medium wp-image-129 \" alt=\"Blick in das winterliche Gew\u00e4chshaus\" src=\"http:\/\/www.hardyhuebener.de\/olkf\/wp-content\/uploads\/2013\/11\/janssen_2-300x224.jpg\" width=\"300\" height=\"224\" srcset=\"http:\/\/www.oldenburger-kakteenfreunde.eu\/wp-content\/uploads\/2013\/11\/janssen_2-300x224.jpg 300w, http:\/\/www.oldenburger-kakteenfreunde.eu\/wp-content\/uploads\/2013\/11\/janssen_2.jpg 448w\" sizes=\"auto, (max-width: 300px) 100vw, 300px\" \/><\/a><p id=\"caption-attachment-129\" class=\"wp-caption-text\">Blick in das winterliche Gew\u00e4chshaus<\/p><\/div>\n<div id=\"attachment_130\" style=\"width: 310px\" class=\"wp-caption aligncenter\"><a href=\"http:\/\/www.hardyhuebener.de\/olkf\/wp-content\/uploads\/2013\/11\/janssen_3.jpg\"><img loading=\"lazy\" decoding=\"async\" aria-describedby=\"caption-attachment-130\" class=\"size-medium wp-image-130\" alt=\"Aloe arborescens variegata bl\u00fcht im Winter\" src=\"http:\/\/www.hardyhuebener.de\/olkf\/wp-content\/uploads\/2013\/11\/janssen_3-300x224.jpg\" width=\"300\" height=\"224\" srcset=\"http:\/\/www.oldenburger-kakteenfreunde.eu\/wp-content\/uploads\/2013\/11\/janssen_3-300x224.jpg 300w, http:\/\/www.oldenburger-kakteenfreunde.eu\/wp-content\/uploads\/2013\/11\/janssen_3.jpg 448w\" sizes=\"auto, (max-width: 300px) 100vw, 300px\" \/><\/a><p id=\"caption-attachment-130\" class=\"wp-caption-text\">Aloe arborescens variegata bl\u00fcht im Winter<\/p><\/div>\n<div id=\"attachment_131\" style=\"width: 310px\" class=\"wp-caption aligncenter\"><a href=\"http:\/\/www.hardyhuebener.de\/olkf\/wp-content\/uploads\/2013\/11\/janssen_4.jpg\"><img loading=\"lazy\" decoding=\"async\" aria-describedby=\"caption-attachment-131\" class=\"size-medium wp-image-131\" alt=\"Sammlung kleinbleibender Aloen\" src=\"http:\/\/www.hardyhuebener.de\/olkf\/wp-content\/uploads\/2013\/11\/janssen_4-300x224.jpg\" width=\"300\" height=\"224\" srcset=\"http:\/\/www.oldenburger-kakteenfreunde.eu\/wp-content\/uploads\/2013\/11\/janssen_4-300x224.jpg 300w, http:\/\/www.oldenburger-kakteenfreunde.eu\/wp-content\/uploads\/2013\/11\/janssen_4.jpg 448w\" sizes=\"auto, (max-width: 300px) 100vw, 300px\" \/><\/a><p id=\"caption-attachment-131\" class=\"wp-caption-text\">Sammlung kleinbleibender Aloen<\/p><\/div>\n<div id=\"attachment_132\" style=\"width: 310px\" class=\"wp-caption aligncenter\"><a href=\"http:\/\/www.hardyhuebener.de\/olkf\/wp-content\/uploads\/2013\/11\/janssen_5.jpg\"><img loading=\"lazy\" decoding=\"async\" aria-describedby=\"caption-attachment-132\" class=\"size-medium wp-image-132\" alt=\"Begehrte Haworthien aus S\u00fcdafrika\" src=\"http:\/\/www.hardyhuebener.de\/olkf\/wp-content\/uploads\/2013\/11\/janssen_5-300x224.jpg\" width=\"300\" height=\"224\" srcset=\"http:\/\/www.oldenburger-kakteenfreunde.eu\/wp-content\/uploads\/2013\/11\/janssen_5-300x224.jpg 300w, http:\/\/www.oldenburger-kakteenfreunde.eu\/wp-content\/uploads\/2013\/11\/janssen_5.jpg 448w\" sizes=\"auto, (max-width: 300px) 100vw, 300px\" \/><\/a><p id=\"caption-attachment-132\" class=\"wp-caption-text\">Begehrte Haworthien aus S\u00fcdafrika<\/p><\/div>\n<div id=\"attachment_133\" style=\"width: 310px\" class=\"wp-caption aligncenter\"><a href=\"http:\/\/www.hardyhuebener.de\/olkf\/wp-content\/uploads\/2013\/11\/janssen_6.jpg\"><img loading=\"lazy\" decoding=\"async\" aria-describedby=\"caption-attachment-133\" class=\"size-medium wp-image-133\" alt=\"Diese Agaven bleiben alle sch\u00f6n klein\" src=\"http:\/\/www.hardyhuebener.de\/olkf\/wp-content\/uploads\/2013\/11\/janssen_6-300x224.jpg\" width=\"300\" height=\"224\" srcset=\"http:\/\/www.oldenburger-kakteenfreunde.eu\/wp-content\/uploads\/2013\/11\/janssen_6-300x224.jpg 300w, http:\/\/www.oldenburger-kakteenfreunde.eu\/wp-content\/uploads\/2013\/11\/janssen_6.jpg 448w\" sizes=\"auto, (max-width: 300px) 100vw, 300px\" \/><\/a><p id=\"caption-attachment-133\" class=\"wp-caption-text\">Diese Agaven bleiben alle sch\u00f6n klein<\/p><\/div>\n<div id=\"attachment_134\" style=\"width: 310px\" class=\"wp-caption aligncenter\"><a href=\"http:\/\/www.hardyhuebener.de\/olkf\/wp-content\/uploads\/2013\/11\/janssen_7.jpg\"><img loading=\"lazy\" decoding=\"async\" aria-describedby=\"caption-attachment-134\" class=\"size-medium wp-image-134\" alt=\"Bl\u00fchende Kakteen, hoffentlich ist es bald soweit \" src=\"http:\/\/www.hardyhuebener.de\/olkf\/wp-content\/uploads\/2013\/11\/janssen_7-300x224.jpg\" width=\"300\" height=\"224\" srcset=\"http:\/\/www.oldenburger-kakteenfreunde.eu\/wp-content\/uploads\/2013\/11\/janssen_7-300x224.jpg 300w, http:\/\/www.oldenburger-kakteenfreunde.eu\/wp-content\/uploads\/2013\/11\/janssen_7.jpg 448w\" sizes=\"auto, (max-width: 300px) 100vw, 300px\" \/><\/a><p id=\"caption-attachment-134\" class=\"wp-caption-text\">Bl\u00fchende Kakteen, hoffentlich ist es bald soweit<\/p><\/div>\n<div id=\"attachment_135\" style=\"width: 310px\" class=\"wp-caption aligncenter\"><a href=\"http:\/\/www.hardyhuebener.de\/olkf\/wp-content\/uploads\/2013\/11\/janssen_8.jpg\"><img loading=\"lazy\" decoding=\"async\" aria-describedby=\"caption-attachment-135\" class=\"size-medium wp-image-135\" alt=\"Eine kleine Sammlung von Lewisien\" src=\"http:\/\/www.hardyhuebener.de\/olkf\/wp-content\/uploads\/2013\/11\/janssen_8-300x224.jpg\" width=\"300\" height=\"224\" srcset=\"http:\/\/www.oldenburger-kakteenfreunde.eu\/wp-content\/uploads\/2013\/11\/janssen_8-300x224.jpg 300w, http:\/\/www.oldenburger-kakteenfreunde.eu\/wp-content\/uploads\/2013\/11\/janssen_8.jpg 448w\" sizes=\"auto, (max-width: 300px) 100vw, 300px\" \/><\/a><p id=\"caption-attachment-135\" class=\"wp-caption-text\">Eine kleine Sammlung von Lewisien<\/p><\/div>\n","protected":false},"excerpt":{"rendered":"<p>Seit vielen Jahren besch\u00e4ftige ich mich schon hobbym\u00e4\u00dfig mit Kakteen und Sukkulenten. Bevorzugt sammle ich kleine Aloen, Haworthien und Gasterien, aber auch kleine Agaven und Yuccas. Ferner versuche ich, durch Mitgliedschaft in mehreren internationalen Kakteenvereinen die neuesten Entwicklungen mitzubekommen. Als Ruhest\u00e4ndler habe ich auch die Zeit, in der &#8222;Fachgesellschaft Andere Sukkulenten&#8220; mit gro\u00dfer Freude im [&hellip;]<\/p>\n","protected":false},"author":3,"featured_media":0,"parent":33,"menu_order":0,"comment_status":"closed","ping_status":"closed","template":"page-full-width.php","meta":{"footnotes":""},"class_list":["post-126","page","type-page","status-publish","hentry"],"_links":{"self":[{"href":"http:\/\/www.oldenburger-kakteenfreunde.eu\/index.php?rest_route=\/wp\/v2\/pages\/126","targetHints":{"allow":["GET"]}}],"collection":[{"href":"http:\/\/www.oldenburger-kakteenfreunde.eu\/index.php?rest_route=\/wp\/v2\/pages"}],"about":[{"href":"http:\/\/www.oldenburger-kakteenfreunde.eu\/index.php?rest_route=\/wp\/v2\/types\/page"}],"author":[{"embeddable":true,"href":"http:\/\/www.oldenburger-kakteenfreunde.eu\/index.php?rest_route=\/wp\/v2\/users\/3"}],"replies":[{"embeddable":true,"href":"http:\/\/www.oldenburger-kakteenfreunde.eu\/index.php?rest_route=%2Fwp%2Fv2%2Fcomments&post=126"}],"version-history":[{"count":4,"href":"http:\/\/www.oldenburger-kakteenfreunde.eu\/index.php?rest_route=\/wp\/v2\/pages\/126\/revisions"}],"predecessor-version":[{"id":139,"href":"http:\/\/www.oldenburger-kakteenfreunde.eu\/index.php?rest_route=\/wp\/v2\/pages\/126\/revisions\/139"}],"up":[{"embeddable":true,"href":"http:\/\/www.oldenburger-kakteenfreunde.eu\/index.php?rest_route=\/wp\/v2\/pages\/33"}],"wp:attachment":[{"href":"http:\/\/www.oldenburger-kakteenfreunde.eu\/index.php?rest_route=%2Fwp%2Fv2%2Fmedia&parent=126"}],"curies":[{"name":"wp","href":"https:\/\/api.w.org\/{rel}","templated":true}]}}