{"id":20,"date":"2013-11-24T22:09:18","date_gmt":"2013-11-24T20:09:18","guid":{"rendered":"http:\/\/www.hardyhuebener.de\/olkf2\/?page_id=20"},"modified":"2026-02-15T17:27:57","modified_gmt":"2026-02-15T15:27:57","slug":"programm-2","status":"publish","type":"page","link":"http:\/\/www.oldenburger-kakteenfreunde.eu\/?page_id=20","title":{"rendered":"Programm"},"content":{"rendered":"\n<h4 class=\"wp-block-heading\"><span style=\"color: #0000ff;\">Vortr\u00e4ge 2026<\/span><\/h4>\n\n\n\n<p><strong>Januar&nbsp;&nbsp;&nbsp;&nbsp;&nbsp;&nbsp;&nbsp;&nbsp;&nbsp;&nbsp;&nbsp; Winterpause<\/strong><\/p>\n\n\n\n<p><strong>6. Februar\u00a0\u00a0\u00a0\u00a0\u00a0 Jahreshauptversammlung<\/strong> <span style=\"color: #ff0000;\"><strong>*<\/strong><\/span><\/p>\n\n\n\n<p>18:30 Uhr&nbsp;&nbsp;&nbsp;&nbsp;&nbsp;&nbsp; Alle Mitglieder<\/p>\n\n\n\n<p><strong>6. M\u00e4rz\u00a0\u00a0\u00a0\u00a0\u00a0\u00a0\u00a0\u00a0\u00a0 Kakteen in Mexiko<\/strong><\/p>\n\n\n\n<p>18:30 Uhr \u00a0\u00a0\u00a0\u00a0\u00a0 Carsten Runde<\/p>\n\n\n\n<p><strong>10. April\u00a0\u00a0\u00a0\u00a0\u00a0\u00a0\u00a0\u00a0\u00a0 D\u00fcnger und Substrate<\/strong><\/p>\n\n\n\n<p>18:30 Uhr\u00a0\u00a0\u00a0\u00a0\u00a0\u00a0\u00a0 Dr. Thomas Brand<\/p>\n\n\n\n<p><strong>8. Mai\u00a0\u00a0\u00a0\u00a0\u00a0\u00a0\u00a0\u00a0\u00a0\u00a0 Die Kakteenwelt in Chile<\/strong><\/p>\n\n\n\n<p>18:30 Uhr\u00a0\u00a0\u00a0\u00a0\u00a0\u00a0 Manfred Figge<\/p>\n\n\n\n<p><strong>5. Juni\u00a0\u00a0\u00a0\u00a0\u00a0\u00a0\u00a0\u00a0\u00a0\u00a0\u00a0 Meine Lieblingspflanze<\/strong><\/p>\n\n\n\n<p>18:30 Uhr\u00a0\u00a0\u00a0\u00a0\u00a0\u00a0 alle Mitglieder<\/p>\n\n\n\n<p><strong>3. Juli\u00a0\u00a0\u00a0\u00a0\u00a0\u00a0\u00a0\u00a0\u00a0\u00a0\u00a0\u00a0\u00a0 Kakteen und andere Sukkulenten erfolgreich vermehren<\/strong><\/p>\n\n\n\n<p>18:30 Uhr\u00a0\u00a0\u00a0\u00a0\u00a0\u00a0 Hardy H\u00fcbener<\/p>\n\n\n\n<p><strong>7. August\u00a0\u00a0\u00a0\u00a0\u00a0\u00a0\u00a0 Pflanzenpr\u00e4sentation einmal anders<\/strong><\/p>\n\n\n\n<p>18:30 Uhr\u00a0\u00a0\u00a0\u00a0\u00a0\u00a0\u00a0\u00a0 Siegried Janssen<\/p>\n\n\n\n<p><strong>4. September\u00a0\u00a0 Die Gattung Turbinicarpus<\/strong><\/p>\n\n\n\n<p>18:30 Uhr\u00a0\u00a0\u00a0\u00a0\u00a0\u00a0\u00a0\u00a0 Chris Ahrens<\/p>\n\n\n\n<p><strong>2. Oktober\u00a0\u00a0\u00a0\u00a0\u00a0\u00a0 Zu Besuch in der &#8222;Sukki&#8220; in Z\u00fcrich<\/strong><\/p>\n\n\n\n<p>18:30 Uhr\u00a0\u00a0\u00a0\u00a0\u00a0\u00a0\u00a0\u00a0 Klaus Reise<\/p>\n\n\n\n<p><strong>6. November\u00a0\u00a0 La Palma<\/strong><\/p>\n\n\n\n<p>18:30 Uhr\u00a0\u00a0\u00a0\u00a0\u00a0\u00a0\u00a0\u00a0\u00a0 Thomas Brand<\/p>\n\n\n\n<p><strong>6. Dezember\u00a0\u00a0 Weihnachtsfeier mit Kaffee und Kuchen <span style=\"color: #ff0000;\">*<\/span><\/strong><\/p>\n\n\n\n<p>15:00 Uhr         alle Mitglieder<\/p>\n\n\n\n<h4 class=\"wp-block-heading\"><span style=\"color: #0000ff;\">Weitere Veranstaltungen 2025<\/span><\/h4>\n\n\n\n<p><strong>26. April\u00a0\u00a0\u00a0\u00a0\u00a0\u00a0\u00a0\u00a0\u00a0\u00a0\u00a0\u00a0\u00a0\u00a0\u00a0\u00a0\u00a0 Staudenb\u00f6rse mit Pflanzenverkauf im Botanischen Garten Oldenburg<\/strong><\/p>\n\n\n\n<p><strong>1. Mai \u00a0\u00a0 \u00a0 \u00a0 \u00a0 \u00a0 \u00a0\u00a0 \u00a0\u00a0\u00a0\u00a0\u00a0\u00a0\u00a0 PflanzenWELTEN im Park der G\u00e4rten mit Pflanzenverkauf<\/strong><\/p>\n\n\n\n<p><strong>24. Mai &#8211; 15. Juni\u00a0\u00a0\u00a0\u00a0\u00a0Ausstellung und Pflanzenverkauf im Botanischen Garten Oldenburg<\/strong><br>                                 <strong>50 Jahre Oldenburger Kakteenfreunde<\/strong><\/p>\n\n\n\n<p><strong>11. &#8211; 13. September \u00a0\u00a0ELK in Blankenberge (Belgien) mit Pflanzenb\u00f6rse und Vortr\u00e4gen<\/strong><\/p>\n\n\n\n<p><strong>9. &#8211; 11. Oktober\u00a0\u00a0\u00a0\u00a0    Jahreshauptversammlung der Fachgesellschaft andere Sukkulenten, Leipzig<br><\/strong><\/p>\n\n\n\n<p><strong>Zus\u00e4tzlich organisieren wir Fahren zu verschiedenen G\u00e4rtnereien wie Lothar L\u00fchr, Rainer Martin, Kakteen-Haage und einigen anderen sowie Besuche verschiedener Pflanzenb\u00f6rsen und der Jahreshauptversammlung der Deutschen Kakteen-Gesellschaft e. V. am 12. April in Schweinfurt. <br><\/strong><\/p>\n\n\n\n<p><span style=\"text-decoration: underline;\"><strong>Hinweis<\/strong><\/span><\/p>\n\n\n\n<p>Alle Vortr\u00e4ge sind \u00f6ffentlich und kostenfrei. Sie finden &#8211; sofern nicht anders angegeben &#8211; jeweils im Caritas-Pavillon, 26126 Oldenburg, Scheideweg 100 um 18:30 Uhr statt.<\/p>\n\n\n\n<p>Die mit \u201c<span style=\"color: #ff0000;\"><strong>*<\/strong><\/span>\u201c gekennzeichneten Veranstaltungen sind nur f\u00fcr Vereinsmitglieder vorgesehen.<\/p>\n\n\n\n<p>R\u00fcckfragen bitte an Klaus Reis, Tel. 0441\/18069013, mobil 1075 72 32 962 oder klaus.reis.oldenburg@gmail.com.<\/p>\n\n\n\n<p>Das Programm gibt es hier zum <a href=\"http:\/\/www.oldenburger-kakteenfreunde.eu\/downloads\/Oldenburger_Kakteenfreunde_Programm_2026.pdf\" target=\"_blank\" rel=\"noreferrer noopener\">Download (als pdf)<\/a>.<\/p>\n\n\n\n<p>Photos einiger Veranstaltungen&nbsp;gibt&#8217;s <span style=\"text-decoration: underline;\"><a href=\"http:\/\/www.hardyhuebener.de\/olkf\/?page_id=27\">hier<\/a>.<\/span><\/p>\n","protected":false},"excerpt":{"rendered":"<p>Vortr\u00e4ge 2026 Januar&nbsp;&nbsp;&nbsp;&nbsp;&nbsp;&nbsp;&nbsp;&nbsp;&nbsp;&nbsp;&nbsp; Winterpause 6. Februar\u00a0\u00a0\u00a0\u00a0\u00a0 Jahreshauptversammlung * 18:30 Uhr&nbsp;&nbsp;&nbsp;&nbsp;&nbsp;&nbsp; Alle Mitglieder 6. M\u00e4rz\u00a0\u00a0\u00a0\u00a0\u00a0\u00a0\u00a0\u00a0\u00a0 Kakteen in Mexiko 18:30 Uhr \u00a0\u00a0\u00a0\u00a0\u00a0 Carsten Runde 10. April\u00a0\u00a0\u00a0\u00a0\u00a0\u00a0\u00a0\u00a0\u00a0 D\u00fcnger und Substrate 18:30 Uhr\u00a0\u00a0\u00a0\u00a0\u00a0\u00a0\u00a0 Dr. Thomas Brand 8. Mai\u00a0\u00a0\u00a0\u00a0\u00a0\u00a0\u00a0\u00a0\u00a0\u00a0 Die Kakteenwelt in Chile 18:30 Uhr\u00a0\u00a0\u00a0\u00a0\u00a0\u00a0 Manfred Figge 5. Juni\u00a0\u00a0\u00a0\u00a0\u00a0\u00a0\u00a0\u00a0\u00a0\u00a0\u00a0 Meine Lieblingspflanze 18:30 Uhr\u00a0\u00a0\u00a0\u00a0\u00a0\u00a0 alle Mitglieder 3. Juli\u00a0\u00a0\u00a0\u00a0\u00a0\u00a0\u00a0\u00a0\u00a0\u00a0\u00a0\u00a0\u00a0 Kakteen und andere [&hellip;]<\/p>\n","protected":false},"author":3,"featured_media":0,"parent":0,"menu_order":0,"comment_status":"closed","ping_status":"closed","template":"page-full-width.php","meta":{"footnotes":""},"class_list":["post-20","page","type-page","status-publish","hentry"],"_links":{"self":[{"href":"http:\/\/www.oldenburger-kakteenfreunde.eu\/index.php?rest_route=\/wp\/v2\/pages\/20","targetHints":{"allow":["GET"]}}],"collection":[{"href":"http:\/\/www.oldenburger-kakteenfreunde.eu\/index.php?rest_route=\/wp\/v2\/pages"}],"about":[{"href":"http:\/\/www.oldenburger-kakteenfreunde.eu\/index.php?rest_route=\/wp\/v2\/types\/page"}],"author":[{"embeddable":true,"href":"http:\/\/www.oldenburger-kakteenfreunde.eu\/index.php?rest_route=\/wp\/v2\/users\/3"}],"replies":[{"embeddable":true,"href":"http:\/\/www.oldenburger-kakteenfreunde.eu\/index.php?rest_route=%2Fwp%2Fv2%2Fcomments&post=20"}],"version-history":[{"count":32,"href":"http:\/\/www.oldenburger-kakteenfreunde.eu\/index.php?rest_route=\/wp\/v2\/pages\/20\/revisions"}],"predecessor-version":[{"id":572,"href":"http:\/\/www.oldenburger-kakteenfreunde.eu\/index.php?rest_route=\/wp\/v2\/pages\/20\/revisions\/572"}],"wp:attachment":[{"href":"http:\/\/www.oldenburger-kakteenfreunde.eu\/index.php?rest_route=%2Fwp%2Fv2%2Fmedia&parent=20"}],"curies":[{"name":"wp","href":"https:\/\/api.w.org\/{rel}","templated":true}]}}