{"id":23,"date":"2013-11-24T22:11:27","date_gmt":"2013-11-24T20:11:27","guid":{"rendered":"http:\/\/www.hardyhuebener.de\/olkf2\/?page_id=23"},"modified":"2026-02-15T17:43:50","modified_gmt":"2026-02-15T15:43:50","slug":"startseite","status":"publish","type":"page","link":"http:\/\/www.oldenburger-kakteenfreunde.eu\/","title":{"rendered":"Startseite"},"content":{"rendered":"<h3 align=\"left\"><\/h3>\n<h3 align=\"left\"><span style=\"text-decoration: underline; color: #ff0000;\"><strong>Februar 2026<\/strong><\/span><\/h3>\n<p align=\"left\"><span style=\"color: #000000;\">Das <span style=\"text-decoration: underline;\"><a style=\"color: #000000; text-decoration: underline;\" href=\"http:\/\/www.oldenburger-kakteenfreunde.eu\/?page_id=20\">Jahresprogramm 2026<\/a><\/span> wurde eingestellt. Ein Termin f\u00fcr die ausgefallene Jahreshauptversammlung wird noch gesucht und sp\u00e4ter bekanntgegeben.<\/span><\/p>\n<p align=\"left\">\n<div>\n<h3 align=\"left\"><span style=\"text-decoration: underline;\"><strong>M\u00e4rz 2025<\/strong><\/span><\/h3>\n<p align=\"left\">Das Jahresprogramm 2025 wurde eingestellt und das Bestandsverzeichnis unserer Fachbibliothek aktualisiert.<\/p>\n<\/div>\n<h3 align=\"left\"><\/h3>\n<div>\n<div align=\"left\">\n<h3 align=\"left\"><span style=\"text-decoration: underline;\"><strong>Mai 2023<\/strong><\/span><\/h3>\n<p align=\"left\"><span style=\"color: #ff0000;\"><span style=\"color: #000000;\">Die Oldenburger Kakteenfreunde sind <strong>Gastgeber der Jahreshauptversammlung 2023 der Deutschen Kakteen-Gesellschaft e. V.<\/strong> Hierzu wird es vom 26. &#8211; 28. Mai 2023 als Rahmenprogramm eine Sukkulentenausstellung, eine Pflanzenb\u00f6rse sowie Vortr\u00e4ge zu sukkulenten Pflanzen und Reisen in deren Heimat geben. Details zum Programm finden Sie <a style=\"color: #000000;\" href=\"http:\/\/www.oldenburger-kakteenfreunde.eu\/?page_id=525\"><span style=\"color: #0000ff;\">hier<\/span><\/a>.<\/span><strong><br \/>\n<\/strong><\/span><\/p>\n<\/div>\n<\/div>\n<div align=\"left\"><\/div>\n<h3 align=\"left\"><span style=\"text-decoration: underline;\"><strong>Nach Corona-Pandemie: Vortragsprogramm wieder aufgenommen!<\/strong><\/span><\/h3>\n<div align=\"left\"><\/div>\n<div align=\"left\">Das Programm der Oldenburger Kakteenfreunde mit \u00f6ffentlichen Vortr\u00e4gen und vereininternen Veranstaltungen ist ver\u00f6ffentlich: <a href=\"http:\/\/www.oldenburger-kakteenfreunde.eu\/?page_id=20\">Programm 2023.<\/a><\/div>\n<div align=\"left\"><\/div>\n<div>\n<div align=\"left\">\n<h3 align=\"left\"><span style=\"text-decoration: underline;\"><strong>Ausstellung zum 40-j\u00e4hrigen Bestehen (2016)<br \/>\n<\/strong><\/span><\/h3>\n<div align=\"left\"><\/div>\n<div align=\"left\">Anl\u00e4sslich unseres 40-j\u00e4hrigen Bestehens fand vom 22.05. bis 19.06.2016 im Botanischen Garten Oldenburg eine <strong>Kakteen- und Sukkulentenausstellung<\/strong> der Oldenburger Kakteenfreunde statt.<img decoding=\"async\" src=\"http:\/\/www.hardyhuebener.de\/olkf\/fotos\/2016-05-21_ausstellung_bg_ol_1.jpg\" alt=\"Ein Teil der Ausstellung\" \/>Mehr Fotos dazu gibt es <a href=\"http:\/\/www.oldenburger-kakteenfreunde.eu\/?page_id=349\"><u>hier<\/u><\/a>.<\/p>\n<div align=\"left\"><span style=\"text-decoration: underline;\"><strong>Die Oldenburger Kakteenfreunde<\/strong><\/span><\/div>\n<div align=\"left\"><\/div>\n<div>\n<div align=\"left\">\n<div align=\"left\">Die Oldenburger Kakteenfreunde sind eine Ortsgruppe der <a href=\"http:\/\/dkg.eu\" target=\"blank\" rel=\"noopener noreferrer\"><span style=\"text-decoration: underline;\">Deutschen Kakteen-Gesellschaft<\/span><\/a>, die weltweit etwa 7.500 Mitglieder betreut und das Fachmagazin &#8222;Kakteen und andere Sukkulenten&#8220; sowie andere Fachpublikationen herausgibt.<\/div>\n<p>Die\u00a0 Ortsgruppe Oldenburg\u00a0hat zur\u00a0 Zeit 27 Mitglieder und trifft sich einmal im Monat zu Fach- und Reisevortr\u00e4gen, Erfahrungsaustausch und Gespr\u00e4chen unter Liebhabern. Des Weiteren werden Sammlungsbesichtigungen bei Mitgliedern und Einkaufsfahrten zu Kakteeng\u00e4rtnereien organisiert.<\/p>\n<p>G\u00e4ste sind jederzeit herzlich willkommen!<\/p>\n<p>Treffen: Wir treffen uns jeden 1. Freitag im Monat ab 18.30 Uhr im Caritas-Pavillon, 26126 Oldenburg, Scheideweg 100.<\/p>\n<\/div>\n<\/div>\n<\/div>\n<\/div>\n<\/div>\n","protected":false},"excerpt":{"rendered":"<p>Februar 2026 Das Jahresprogramm 2026 wurde eingestellt. Ein Termin f\u00fcr die ausgefallene Jahreshauptversammlung wird noch gesucht und sp\u00e4ter bekanntgegeben. M\u00e4rz 2025 Das Jahresprogramm 2025 wurde eingestellt und das Bestandsverzeichnis unserer Fachbibliothek aktualisiert. Mai 2023 Die Oldenburger Kakteenfreunde sind Gastgeber der Jahreshauptversammlung 2023 der Deutschen Kakteen-Gesellschaft e. V. Hierzu wird es vom 26. &#8211; 28. Mai [&hellip;]<\/p>\n","protected":false},"author":3,"featured_media":0,"parent":0,"menu_order":0,"comment_status":"closed","ping_status":"closed","template":"page-full-width.php","meta":{"footnotes":""},"class_list":["post-23","page","type-page","status-publish","hentry"],"_links":{"self":[{"href":"http:\/\/www.oldenburger-kakteenfreunde.eu\/index.php?rest_route=\/wp\/v2\/pages\/23","targetHints":{"allow":["GET"]}}],"collection":[{"href":"http:\/\/www.oldenburger-kakteenfreunde.eu\/index.php?rest_route=\/wp\/v2\/pages"}],"about":[{"href":"http:\/\/www.oldenburger-kakteenfreunde.eu\/index.php?rest_route=\/wp\/v2\/types\/page"}],"author":[{"embeddable":true,"href":"http:\/\/www.oldenburger-kakteenfreunde.eu\/index.php?rest_route=\/wp\/v2\/users\/3"}],"replies":[{"embeddable":true,"href":"http:\/\/www.oldenburger-kakteenfreunde.eu\/index.php?rest_route=%2Fwp%2Fv2%2Fcomments&post=23"}],"version-history":[{"count":75,"href":"http:\/\/www.oldenburger-kakteenfreunde.eu\/index.php?rest_route=\/wp\/v2\/pages\/23\/revisions"}],"predecessor-version":[{"id":578,"href":"http:\/\/www.oldenburger-kakteenfreunde.eu\/index.php?rest_route=\/wp\/v2\/pages\/23\/revisions\/578"}],"wp:attachment":[{"href":"http:\/\/www.oldenburger-kakteenfreunde.eu\/index.php?rest_route=%2Fwp%2Fv2%2Fmedia&parent=23"}],"curies":[{"name":"wp","href":"https:\/\/api.w.org\/{rel}","templated":true}]}}