{"id":349,"date":"2016-10-15T22:58:51","date_gmt":"2016-10-15T20:58:51","guid":{"rendered":"http:\/\/www.oldenburger-kakteenfreunde.eu\/?page_id=349"},"modified":"2016-10-16T10:55:27","modified_gmt":"2016-10-16T08:55:27","slug":"ausstellung-40-jahre-oldenburger-kakteenfreunde","status":"publish","type":"page","link":"http:\/\/www.oldenburger-kakteenfreunde.eu\/?page_id=349","title":{"rendered":"Ausstellung 40 Jahre Oldenburger Kakteenfreunde"},"content":{"rendered":"<div>\n<div align=\"left\">Anl\u00e4sslich unseres 40-j\u00e4hrigen Bestehens veranstalteten wir im Zeitraum 22.05. bis 19.06.2016 eine <strong>Kakteen- und Sukkulentenausstellung<\/strong> im Botanischen Garten Oldenburg. Die folgenden Fotos zeigen die Ausstellung sowie die Vorberitungsphase.<\/div>\n<p>&nbsp;<\/p>\n<p><span style=\"text-decoration: underline;\"><strong>Der Aufbau<\/strong><\/span><br \/>\n<img decoding=\"async\" src=\"http:\/\/www.hardyhuebener.de\/olkf\/fotos\/40_jahre_8.jpg\" alt=\"Vorher.\" \/><br \/>\nDieses leere Gew\u00e4chshaus soll die Ausstellung beherbergen.<br \/>\n&nbsp;<br \/>\n<img decoding=\"async\" src=\"http:\/\/www.hardyhuebener.de\/olkf\/fotos\/40_jahre_9.jpg\" alt=\"Bei Aufbau.\" \/><br \/>\nNoch eine gro\u00dfe Baustelle, aber die ersten Strukturen werden erkennbar.<br \/>\n&nbsp;<br \/>\n<img decoding=\"async\" src=\"http:\/\/www.hardyhuebener.de\/olkf\/fotos\/40_jahre_15.jpg\" alt=\"Der gro\u00dfe Pflanztisch.\" \/><br \/>\nDer gro\u00dfe Pflanztisch wird gestaltet.<br \/>\n&nbsp;<br \/>\n<img decoding=\"async\" src=\"http:\/\/www.hardyhuebener.de\/olkf\/fotos\/40_jahre_1.jpg\" alt=\"Bims.\" \/><br \/>\nEinige Tonnen Bims werden f\u00fcr den Pflanztisch und das Grundbeet ben\u00f6tigt.<br \/>\n&nbsp;<br \/>\n<img decoding=\"async\" src=\"http:\/\/www.hardyhuebener.de\/olkf\/fotos\/40_jahre_3.jpg\" alt=\"Das Grundbeet entsteht.\" \/><br \/>\nHier soll das Grundbeet entstehen.<br \/>\n&nbsp;<br \/>\n<img decoding=\"async\" src=\"http:\/\/www.hardyhuebener.de\/olkf\/fotos\/40_jahre_4.jpg\" alt=\"Jonglieren mit S\u00e4ulenkakteen.\" \/><br \/>\nJonglieren mit S\u00e4ulenkakteen.<br \/>\n&nbsp;<br \/>\n<img decoding=\"async\" src=\"http:\/\/www.hardyhuebener.de\/olkf\/fotos\/40_jahre_13.jpg\" alt=\"Text\" \/><br \/>\nDie F\u00fc\u00dfe des gro\u00dfen Pflanztisches sollen durch Stoff gut verborgen werden.<br \/>\n&nbsp;<br \/>\n<img decoding=\"async\" src=\"http:\/\/www.hardyhuebener.de\/olkf\/fotos\/40_jahre_14.jpg\" alt=\"Text\" \/><br \/>\nDer erfolgreiche, teils schwei\u00dftreibende Aufbau, wird mit einem z\u00fcnftigen Grillen gefeiert.<br \/>\n&nbsp;<\/p>\n<p><span style=\"text-decoration: underline;\"><strong>Die Ausstellung<\/strong><\/span><br \/>\n&nbsp;<br \/>\n<img decoding=\"async\" src=\"http:\/\/www.hardyhuebener.de\/olkf\/fotos\/2016-05-21_ausstellung_bg_ol_1.jpg\" alt=\"Ein Teil der Ausstellung\" \/><br \/>\nEin Ausschnitt des Pflanztisches, vorne noch nordamerikanische Pflanzen, weiter hinten beginnt s\u00fcdamerikanische Vegetation.<br \/>\n&nbsp;<br \/>\n<img decoding=\"async\" src=\"http:\/\/www.hardyhuebener.de\/olkf\/fotos\/2016-05-21_ausstellung_bg_ol_2.jpg\" alt=\"Ein Teil der Ausstellung\" \/><br \/>\nEin Ausschnitt des Pflanztisches.<br \/>\n&nbsp;<br \/>\n<img decoding=\"async\" src=\"http:\/\/www.hardyhuebener.de\/olkf\/fotos\/2016-05-21_ausstellung_bg_ol_4.jpg\" alt=\"Ein Teil der Ausstellung\" \/><br \/>\nEin Ausschnitt des Pflanztisches.<br \/>\n&nbsp;<br \/>\n<img decoding=\"async\" src=\"http:\/\/www.hardyhuebener.de\/olkf\/fotos\/2016-05-21_ausstellung_bg_ol_3.jpg\" alt=\"Ein Teil der Ausstellung\" \/><br \/>\nSchaupflanzen auf Tischen.<br \/>\n&nbsp;<br \/>\n<img decoding=\"async\" src=\"http:\/\/www.hardyhuebener.de\/olkf\/fotos\/2016-05-21_ausstellung_bg_ol_5.jpg\" alt=\"Ein Teil der Ausstellung\" \/><br \/>\nDas &#8222;Grundbeet&#8220;.<br \/>\n&nbsp;<br \/>\n<img decoding=\"async\" src=\"http:\/\/www.hardyhuebener.de\/olkf\/fotos\/40_jahre_2.jpg\" alt=\"Text\" \/><br \/>\nDie Schaupflanzen wurden regelm\u00e4\u00dfig durch andere, bl\u00fchende Pflanzen ausgetauscht.<br \/>\n&nbsp;<br \/>\n<img decoding=\"async\" src=\"http:\/\/www.hardyhuebener.de\/olkf\/fotos\/40_jahre_11.jpg\" alt=\"Text\" \/><br \/>\n<em>Adenium obesum<\/em>, die W\u00fcstenrose.<br \/>\n&nbsp;<br \/>\n<img decoding=\"async\" src=\"http:\/\/www.hardyhuebener.de\/olkf\/fotos\/40_jahre_12.jpg\" alt=\"Text\" \/><br \/>\nDer gro\u00dfe Pflanztisch.<br \/>\n&nbsp;<br \/>\n<img decoding=\"async\" src=\"http:\/\/www.hardyhuebener.de\/olkf\/fotos\/40_jahre_6.jpg\" alt=\"Text\" \/><br \/>\nDie Besucher trugen sich flei\u00dfig in das G\u00e4stebuch der Oldenburger Kakteenfreunde ein.<br \/>\n&nbsp;<br \/>\n<img decoding=\"async\" src=\"http:\/\/www.hardyhuebener.de\/olkf\/fotos\/40_jahre_10.jpg\" alt=\"Text\" \/><br \/>\nFull house! Alleine am letzten Tag, dem Schautag anl\u00e4sslich des Tags der Botanischen G\u00e4rten, fanden 2690 Besucher den Weg in den Botanischen Garten, die meisten davon auch in unsere Ausstellung.<br \/>\n&nbsp;<br \/>\n<img decoding=\"async\" src=\"http:\/\/www.hardyhuebener.de\/olkf\/fotos\/40_jahre_7.jpg\" alt=\"Text\" \/><br \/>\nDieses &#8222;Mini-Gew\u00e4chshaus&#8220; war die Spendenb\u00fcchse f\u00fcr den geplanten Bau des neuen Sukkulentenhauses des Botanischen Gartens Oldenburg, das k\u00fcnftig u. a. die seltenen Pflanzen der Gattung <em>Oldeburgia<\/em> beherbergen soll.<br \/>\n&nbsp;<br \/>\n<span style=\"text-decoration: underline;\"><strong>Und danach &#8230;<\/strong><\/span><br \/>\n&nbsp;<br \/>\n<img decoding=\"async\" src=\"http:\/\/www.hardyhuebener.de\/olkf\/fotos\/40_jahre_5.jpg\" alt=\"Text\" \/><br \/>\nVier Wochen eingebettet im Substrat lie\u00df viele Pflanzen lange Wurzeln treiben, wie hier bei dieser Agave.<br \/>\n&nbsp;<\/p>\n<\/div>\n<\/div>\n","protected":false},"excerpt":{"rendered":"<p>Anl\u00e4sslich unseres 40-j\u00e4hrigen Bestehens veranstalteten wir im Zeitraum 22.05. bis 19.06.2016 eine Kakteen- und Sukkulentenausstellung im Botanischen Garten Oldenburg. Die folgenden Fotos zeigen die Ausstellung sowie die Vorberitungsphase. &nbsp; Der Aufbau Dieses leere Gew\u00e4chshaus soll die Ausstellung beherbergen. &nbsp; Noch eine gro\u00dfe Baustelle, aber die ersten Strukturen werden erkennbar. &nbsp; Der gro\u00dfe Pflanztisch wird gestaltet. [&hellip;]<\/p>\n","protected":false},"author":2,"featured_media":0,"parent":345,"menu_order":0,"comment_status":"closed","ping_status":"closed","template":"page-full-width.php","meta":{"footnotes":""},"class_list":["post-349","page","type-page","status-publish","hentry"],"_links":{"self":[{"href":"http:\/\/www.oldenburger-kakteenfreunde.eu\/index.php?rest_route=\/wp\/v2\/pages\/349","targetHints":{"allow":["GET"]}}],"collection":[{"href":"http:\/\/www.oldenburger-kakteenfreunde.eu\/index.php?rest_route=\/wp\/v2\/pages"}],"about":[{"href":"http:\/\/www.oldenburger-kakteenfreunde.eu\/index.php?rest_route=\/wp\/v2\/types\/page"}],"author":[{"embeddable":true,"href":"http:\/\/www.oldenburger-kakteenfreunde.eu\/index.php?rest_route=\/wp\/v2\/users\/2"}],"replies":[{"embeddable":true,"href":"http:\/\/www.oldenburger-kakteenfreunde.eu\/index.php?rest_route=%2Fwp%2Fv2%2Fcomments&post=349"}],"version-history":[{"count":33,"href":"http:\/\/www.oldenburger-kakteenfreunde.eu\/index.php?rest_route=\/wp\/v2\/pages\/349\/revisions"}],"predecessor-version":[{"id":401,"href":"http:\/\/www.oldenburger-kakteenfreunde.eu\/index.php?rest_route=\/wp\/v2\/pages\/349\/revisions\/401"}],"up":[{"embeddable":true,"href":"http:\/\/www.oldenburger-kakteenfreunde.eu\/index.php?rest_route=\/wp\/v2\/pages\/345"}],"wp:attachment":[{"href":"http:\/\/www.oldenburger-kakteenfreunde.eu\/index.php?rest_route=%2Fwp%2Fv2%2Fmedia&parent=349"}],"curies":[{"name":"wp","href":"https:\/\/api.w.org\/{rel}","templated":true}]}}