{"id":37,"date":"2013-11-24T22:16:30","date_gmt":"2013-11-24T20:16:30","guid":{"rendered":"http:\/\/www.hardyhuebener.de\/olkf2\/?page_id=37"},"modified":"2023-02-19T17:31:43","modified_gmt":"2023-02-19T15:31:43","slug":"impressum","status":"publish","type":"page","link":"http:\/\/www.oldenburger-kakteenfreunde.eu\/?page_id=37","title":{"rendered":"Impressum"},"content":{"rendered":"<div>Oldenburger Kakteenfreunde e. V.<br \/>\nc\/o Siegfried Janssen<br \/>\nSudetenstr. 12b<br \/>\n26127 Oldenburg<\/div>\n<div>Telefon: 0441 66 46 63<\/div>\n<div>E-Mail: <span style=\"text-decoration: underline;\"><a href=\"http:\/\/www.hardyhuebener.de\/olkf\/?page_id=217\">hier klicken<\/a><\/span><br \/>\nInternet: www.oldenburger-kakteenfreunde.eu<\/div>\n<div>\n<p>Vereinsregister: VR 200382 ( Reg. Gericht Oldenburg)<\/p>\n<p>Inhaltlich Verantwortlicher gem\u00e4\u00df \u00a7 6 MDStV: Siegfried Janssen (Anschrift wie oben)<\/p>\n<\/div>\n<div>Die Inhalte dieser Website werden mit gr\u00f6\u00dftm\u00f6glicher Sorgfalt recherchiert. Gleichwohl \u00fcbernehmen die Anbieter keine Haftung f\u00fcr die Richtigkeit, Vollst\u00e4ndigkeit und Aktualit\u00e4t der bereitgestellten Informationen. Die Inhalte externer Links werden von uns nicht gepr\u00fcft. Sie unterliegen der Haftung der jeweiligen Anbieter. Alle auf dieser Website genannten Personen widersprechen hiermit jeder kommerziellen Verwendung und Weitergabe ihrer Daten. Alle auf dieser Website ver\u00f6ffentlichten Beitr\u00e4ge und Abbildungen sind urheberrechtlich gesch\u00fctzt. Jede vom Urheberrechtsgesetz nicht zugelassene Verwertung bedarf vorheriger schriftlicher Zustimmung der Anbieter. Dies gilt insbesondere f\u00fcr Vervielf\u00e4ltigung, Bearbeitung, \u00dcbersetzung, Einspeicherung, Verarbeitung bzw. Wiedergabe von Inhalten in Datenbanken oder anderen elektronischen Medien und Systemen.<br \/>\nEine Verlinkung unserer Website ist ausdr\u00fccklich gestattet.Keinerlei Gew\u00e4hr f\u00fcr Vollst\u00e4ndigkeit, Richtigkeit und Aktualit\u00e4t.Jegliche Haftung ist ausgeschlossen.<\/div>\n","protected":false},"excerpt":{"rendered":"<p>Oldenburger Kakteenfreunde e. V. c\/o Siegfried Janssen Sudetenstr. 12b 26127 Oldenburg Telefon: 0441 66 46 63 E-Mail: hier klicken Internet: www.oldenburger-kakteenfreunde.eu Vereinsregister: VR 200382 ( Reg. Gericht Oldenburg) Inhaltlich Verantwortlicher gem\u00e4\u00df \u00a7 6 MDStV: Siegfried Janssen (Anschrift wie oben) Die Inhalte dieser Website werden mit gr\u00f6\u00dftm\u00f6glicher Sorgfalt recherchiert. Gleichwohl \u00fcbernehmen die Anbieter keine Haftung f\u00fcr [&hellip;]<\/p>\n","protected":false},"author":3,"featured_media":0,"parent":0,"menu_order":0,"comment_status":"closed","ping_status":"closed","template":"page-full-width.php","meta":{"footnotes":""},"class_list":["post-37","page","type-page","status-publish","hentry"],"_links":{"self":[{"href":"http:\/\/www.oldenburger-kakteenfreunde.eu\/index.php?rest_route=\/wp\/v2\/pages\/37","targetHints":{"allow":["GET"]}}],"collection":[{"href":"http:\/\/www.oldenburger-kakteenfreunde.eu\/index.php?rest_route=\/wp\/v2\/pages"}],"about":[{"href":"http:\/\/www.oldenburger-kakteenfreunde.eu\/index.php?rest_route=\/wp\/v2\/types\/page"}],"author":[{"embeddable":true,"href":"http:\/\/www.oldenburger-kakteenfreunde.eu\/index.php?rest_route=\/wp\/v2\/users\/3"}],"replies":[{"embeddable":true,"href":"http:\/\/www.oldenburger-kakteenfreunde.eu\/index.php?rest_route=%2Fwp%2Fv2%2Fcomments&post=37"}],"version-history":[{"count":10,"href":"http:\/\/www.oldenburger-kakteenfreunde.eu\/index.php?rest_route=\/wp\/v2\/pages\/37\/revisions"}],"predecessor-version":[{"id":506,"href":"http:\/\/www.oldenburger-kakteenfreunde.eu\/index.php?rest_route=\/wp\/v2\/pages\/37\/revisions\/506"}],"wp:attachment":[{"href":"http:\/\/www.oldenburger-kakteenfreunde.eu\/index.php?rest_route=%2Fwp%2Fv2%2Fmedia&parent=37"}],"curies":[{"name":"wp","href":"https:\/\/api.w.org\/{rel}","templated":true}]}}