{"id":39,"date":"2013-11-24T22:16:50","date_gmt":"2013-11-24T20:16:50","guid":{"rendered":"http:\/\/www.hardyhuebener.de\/olkf2\/?page_id=39"},"modified":"2025-03-24T18:31:55","modified_gmt":"2025-03-24T16:31:55","slug":"buecherliste","status":"publish","type":"page","link":"http:\/\/www.oldenburger-kakteenfreunde.eu\/?page_id=39","title":{"rendered":"B\u00fccherliste"},"content":{"rendered":"<p>Die Oldenburger Kakteenfreunde verf\u00fcgen \u00fcber eine umfangreiche Bibliothek mit B\u00fcchern und Periodika \u00fcber Kakteen und andere sukkulente Pflanzen der Bibliothek. Alle Werke k\u00f6nnen durch Mitglieder ausgeliehen werden. Das Bestandsverzeichnis kann hier als im pdf-Format heruntergeladen werden: <span style=\"text-decoration: underline;\"><a href=\"http:\/\/www.hardyhuebener.de\/olkf\/downloads\/Buchbestand_OLKF_2025-03-24.pdf\" target=\"_blank\" data-wplink-edit=\"true\">Bestandsverzeichnis zum Download (pdf)<\/a>.<\/span><\/p>\n","protected":false},"excerpt":{"rendered":"<p>Die Oldenburger Kakteenfreunde verf\u00fcgen \u00fcber eine umfangreiche Bibliothek mit B\u00fcchern und Periodika \u00fcber Kakteen und andere sukkulente Pflanzen der Bibliothek. Alle Werke k\u00f6nnen durch Mitglieder ausgeliehen werden. Das Bestandsverzeichnis kann hier als im pdf-Format heruntergeladen werden: Bestandsverzeichnis zum Download (pdf).<\/p>\n","protected":false},"author":3,"featured_media":0,"parent":0,"menu_order":0,"comment_status":"closed","ping_status":"closed","template":"page-full-width.php","meta":{"footnotes":""},"class_list":["post-39","page","type-page","status-publish","hentry"],"_links":{"self":[{"href":"http:\/\/www.oldenburger-kakteenfreunde.eu\/index.php?rest_route=\/wp\/v2\/pages\/39","targetHints":{"allow":["GET"]}}],"collection":[{"href":"http:\/\/www.oldenburger-kakteenfreunde.eu\/index.php?rest_route=\/wp\/v2\/pages"}],"about":[{"href":"http:\/\/www.oldenburger-kakteenfreunde.eu\/index.php?rest_route=\/wp\/v2\/types\/page"}],"author":[{"embeddable":true,"href":"http:\/\/www.oldenburger-kakteenfreunde.eu\/index.php?rest_route=\/wp\/v2\/users\/3"}],"replies":[{"embeddable":true,"href":"http:\/\/www.oldenburger-kakteenfreunde.eu\/index.php?rest_route=%2Fwp%2Fv2%2Fcomments&post=39"}],"version-history":[{"count":14,"href":"http:\/\/www.oldenburger-kakteenfreunde.eu\/index.php?rest_route=\/wp\/v2\/pages\/39\/revisions"}],"predecessor-version":[{"id":564,"href":"http:\/\/www.oldenburger-kakteenfreunde.eu\/index.php?rest_route=\/wp\/v2\/pages\/39\/revisions\/564"}],"wp:attachment":[{"href":"http:\/\/www.oldenburger-kakteenfreunde.eu\/index.php?rest_route=%2Fwp%2Fv2%2Fmedia&parent=39"}],"curies":[{"name":"wp","href":"https:\/\/api.w.org\/{rel}","templated":true}]}}