{"id":43,"date":"2013-11-24T22:19:01","date_gmt":"2013-11-24T20:19:01","guid":{"rendered":"http:\/\/www.hardyhuebener.de\/olkf2\/?page_id=43"},"modified":"2014-07-26T09:52:07","modified_gmt":"2014-07-26T07:52:07","slug":"pflegetipps","status":"publish","type":"page","link":"http:\/\/www.oldenburger-kakteenfreunde.eu\/?page_id=43","title":{"rendered":"Pflegetipps"},"content":{"rendered":"<p>Als \u201cSonnenkinder\u201c sollten Kakteen einen hellen, sonnigen Stand an einem nach S\u00fcden (evtl. S\u00fcd-Ost\/ S\u00fcd-West) gerichteten Fenster bekommen. Noch bessere Pflegeverh\u00e4ltnisse bieten ein Balkongew\u00e4chshaus oder ein Fr\u00fchbeetkasten, ideal ist nat\u00fcrlich ein Kleingew\u00e4chshaus. Dagegen ist ein Platz auf einem Blumentisch im Zimmer, der etwa einen Meter vom Fenster entfernt ist, schon ungeeignet. Dort w\u00fcrden die Pflanzen nur dahinvegetieren, ohne je zum Bl\u00fchen zu kommen. Die Wachstumszeit der Kakteen beginnt je nach den \u00e4u\u00dferen Witterungsverh\u00e4ltnissen etwa im M\u00e4rz\/April und dauert bis Ende Oktober. In dieser Zeit brauchen die Kakteen volle Sonne, W\u00e4rme (Hitze), frische Luft \u2013 vor allem nachts \u2013 und nat\u00fcrlich auch Wassergaben, die man im Fr\u00fchjahr allm\u00e4hlich steigern und zum Herbst wieder abklingen l\u00e4sst.<\/p>\n<p>Ged\u00fcngt wird in den Wochen der Hauptvegetationszeit von etwa Mai bis August mit einem Spezialkakteend\u00fcnger, der hohe Phosphor- und Kali-, aber weniger Stickstoffanteile enthalten sollte. Alle 3- 4 Wochen gibt man 1 Gramm N\u00e4hrsalz auf 1 Liter Gie\u00dfwasser. In der \u00fcbrigen Zeit wird mit kalkfreiem Wasser (m\u00f6glichst Regenwasser) gegossen; Kakteen lieben keinen Kalk.<\/p>\n<p>Frisch gepflanzte Kakteen nicht d\u00fcngen! Die N\u00e4hrsalze im neuen Erdsubstrat reichen f\u00fcr die ersten Monate vollkommen aus. Die \u201cErde\u201c sollte nicht zu fett (humos), sondern mineralreich, grobsandig\/steinig und besonders wasserdurchl\u00e4ssig sein. Neu eingepflanzte Kakteen werden in den ersten 8 bis 14 Tagen nicht gegossen. Etwaige Wurzelverletzungen w\u00fcrden zu F\u00e4ulnis f\u00fchren. Dagegen ist Nebeln zu empfehlen. Bei zu starker Sonneneinstrahlung empfiehlt es sich, leicht zu schattieren. Stehende N\u00e4sse ist zu vermeiden; Kakteen lieben keine \u201cnassen F\u00fc\u00dfe\u201c.<\/p>\n<p>Kakteen werden auch von Pflanzensch\u00e4dlingen, wie Wurzel-, Woll- oder Schmierl\u00e4usen und der gef\u00e4hrlichen Spinnmilbe (rote Spinne) befallen. Im Fachhandel erh\u00e4lt man Bek\u00e4mpfungsmittel gegen saugende und bei\u00dfende Sch\u00e4dlinge. Vorsicht, nicht alle im Handel befindlichen Sch\u00e4dlingsbek\u00e4mpfungsmittel sind an Kakteen ausprobiert. Auf die genaue Einhaltung der Gebrauchsanleitung ist zu achten. In jedem Fall ist Vorbeugen immer besser als Heilen. Deshalb ist im Fr\u00fchjahr und im Fr\u00fchherbst vorbeugend eine Sch\u00e4dlingsbek\u00e4mpfung durch Gie\u00dfen oder Spritzen s\u00e4mtlicher Pflanzen vorzunehmen. Ein Befall der Kakteen durch gefr\u00e4\u00dfige Spinnmilben k\u00f6nnte in der winterlichen Trockenruhe eine verheerende Wirkung haben. Abgesehen davon, dass die Pflanzen als Folge der Fra\u00dfstellen f\u00fcr lange Zeit eine unsch\u00f6ne, graubraune Au\u00dfenhaut (Epidermis) bekommen, erholen sie sich meistens schwer.<\/p>\n<p>Etwa Ende Oktober beginnt die Trockenruhe, die man unbedingt einhalten muss, wenn man im Fr\u00fchjahr darauf einen erfolgreichen Knospenansatz haben will. Der Stand der Kakteen sollte dabei m\u00f6glichst hell, unbedingt aber k\u00fchl, etwa 6 bis 10\u00b0, und trocken sein. Je k\u00fchler der Stand, desto trockener m\u00fcssen die Pflanzen gehalten werden. Zu\u00a0 warmer Stand der Kakteen, durch evtl. Warmluft der Heizung unterhalb der Fensterbank, und etwaige Wassergaben den Winter \u00fcber machen die Pflanzen, bedingt durch den Lichtmangel, mastig, bl\u00fchfaul und f\u00fcr F\u00e4ulniskrankheiten anf\u00e4llig.<\/p>\n<p>Halten Sie sich an diese Pflegehinweise, so\u00a0 werden es Ihre Kakteen Ihnen im Fr\u00fchjahr mit einem reichen Bl\u00fctenflor danken, vorausgesetzt nat\u00fcrlich, dass sie schon im bl\u00fchf\u00e4higen Alter sind.<\/p>\n<p>Das Studium der einschl\u00e4gigen Kakteenliteratur tr\u00e4gt wesentlich dazu bei, das Grundwissen des Liebhabers zu vervollst\u00e4ndigen.<\/p>\n<p>(<span style=\"text-decoration: underline;\"><a href=\"http:\/\/www.dkg.eu\/\" target=\"blank\">www. dkg.eu<\/a><\/span>)<\/p>\n","protected":false},"excerpt":{"rendered":"<p>Als \u201cSonnenkinder\u201c sollten Kakteen einen hellen, sonnigen Stand an einem nach S\u00fcden (evtl. S\u00fcd-Ost\/ S\u00fcd-West) gerichteten Fenster bekommen. Noch bessere Pflegeverh\u00e4ltnisse bieten ein Balkongew\u00e4chshaus oder ein Fr\u00fchbeetkasten, ideal ist nat\u00fcrlich ein Kleingew\u00e4chshaus. Dagegen ist ein Platz auf einem Blumentisch im Zimmer, der etwa einen Meter vom Fenster entfernt ist, schon ungeeignet. Dort w\u00fcrden die Pflanzen [&hellip;]<\/p>\n","protected":false},"author":3,"featured_media":0,"parent":0,"menu_order":0,"comment_status":"closed","ping_status":"closed","template":"page-full-width.php","meta":{"footnotes":""},"class_list":["post-43","page","type-page","status-publish","hentry"],"_links":{"self":[{"href":"http:\/\/www.oldenburger-kakteenfreunde.eu\/index.php?rest_route=\/wp\/v2\/pages\/43","targetHints":{"allow":["GET"]}}],"collection":[{"href":"http:\/\/www.oldenburger-kakteenfreunde.eu\/index.php?rest_route=\/wp\/v2\/pages"}],"about":[{"href":"http:\/\/www.oldenburger-kakteenfreunde.eu\/index.php?rest_route=\/wp\/v2\/types\/page"}],"author":[{"embeddable":true,"href":"http:\/\/www.oldenburger-kakteenfreunde.eu\/index.php?rest_route=\/wp\/v2\/users\/3"}],"replies":[{"embeddable":true,"href":"http:\/\/www.oldenburger-kakteenfreunde.eu\/index.php?rest_route=%2Fwp%2Fv2%2Fcomments&post=43"}],"version-history":[{"count":5,"href":"http:\/\/www.oldenburger-kakteenfreunde.eu\/index.php?rest_route=\/wp\/v2\/pages\/43\/revisions"}],"predecessor-version":[{"id":236,"href":"http:\/\/www.oldenburger-kakteenfreunde.eu\/index.php?rest_route=\/wp\/v2\/pages\/43\/revisions\/236"}],"wp:attachment":[{"href":"http:\/\/www.oldenburger-kakteenfreunde.eu\/index.php?rest_route=%2Fwp%2Fv2%2Fmedia&parent=43"}],"curies":[{"name":"wp","href":"https:\/\/api.w.org\/{rel}","templated":true}]}}