{"id":525,"date":"2023-03-01T20:42:00","date_gmt":"2023-03-01T18:42:00","guid":{"rendered":"http:\/\/www.oldenburger-kakteenfreunde.eu\/?page_id=525"},"modified":"2023-03-05T22:27:23","modified_gmt":"2023-03-05T20:27:23","slug":"sukkulentenboerse-und-ausstellung-mit-jhv-der-deutschen-kakteen-gesellschaft","status":"publish","type":"page","link":"http:\/\/www.oldenburger-kakteenfreunde.eu\/?page_id=525","title":{"rendered":"Sukkulentenb\u00f6rse und -ausstellung mit JHV der Deutschen Kakteen-Gesellschaft"},"content":{"rendered":"\n<p>Die \u201eOldenburger Kakteenfreunde e. V.\u201c richten am <strong>Pfingstwochenende (Freitag, 26. Mai bis Sonntag, 28. Mai 2023)<\/strong> eine Sukkulentenb\u00f6rse und -ausstellung im Botanischen Garten der Universit\u00e4t Oldenburg aus und sind Gastgeber der <strong>Jahreshauptversammlung (JHV) der Deutschen Kakteen-Gesellschaft (27. Mai 2023)<\/strong>. Zum Rahmenprogramm geh\u00f6ren Vortr\u00e4ge \u00fcber die Welt der Kakteen und anderer sukkulenter Pflanzen. Auch f\u00fcr das leibliche Wohl ist gesorgt.<br><br>Wir freuen uns auf Ihren Besuch!<\/p>\n\n\n\n<p><\/p>\n\n\n\n<p><strong>Veranstaltungsort<\/strong><\/p>\n\n\n\n<p>Botanischer Garten Oldenburg<br>Philosophenweg 39\/41<br>26121 Oldenburg<\/p>\n\n\n\n<p>Die Jahreshauptversammlung der DKG findet in der 200 m Fu\u00dfweg entfernten Paulus-Schule statt.<br><\/p>\n\n\n\n<figure class=\"wp-block-image size-full\"><a href=\"http:\/\/www.oldenburger-kakteenfreunde.eu\/wp-content\/uploads\/2023\/03\/gartenplan.jpg\"><img loading=\"lazy\" decoding=\"async\" width=\"800\" height=\"344\" src=\"http:\/\/www.oldenburger-kakteenfreunde.eu\/wp-content\/uploads\/2023\/03\/gartenplan.jpg\" alt=\"\" class=\"wp-image-529\" srcset=\"http:\/\/www.oldenburger-kakteenfreunde.eu\/wp-content\/uploads\/2023\/03\/gartenplan.jpg 800w, http:\/\/www.oldenburger-kakteenfreunde.eu\/wp-content\/uploads\/2023\/03\/gartenplan-300x129.jpg 300w, http:\/\/www.oldenburger-kakteenfreunde.eu\/wp-content\/uploads\/2023\/03\/gartenplan-768x330.jpg 768w, http:\/\/www.oldenburger-kakteenfreunde.eu\/wp-content\/uploads\/2023\/03\/gartenplan-619x266.jpg 619w\" sizes=\"auto, (max-width: 800px) 100vw, 800px\" \/><\/a><\/figure>\n\n\n\n<p><strong>Programm<\/strong><br><br><span style=\"text-decoration: underline;\">Freitag, 26.05.2023<\/span><br>15:00 \u2013 18:00  Sukkulentenb\u00f6rse und -ausstellung<\/p>\n\n\n\n<p><span style=\"text-decoration: underline;\">Samstag, 27.05.2023<\/span><br>10:00 \u2013 18:00  Sukkulentenb\u00f6rse und -ausstellung<br>11:00 \u2013 11:45  Vortrag \u201eKakteenhotspot USA \u2013 eine Reise durch Texas, New Mexico und Arizona\u201c (Hardy H\u00fcbener)<br>13:00  Treffen des DKG-Vorstands mit Ortgruppen-Vorst\u00e4nden und Mitgliedern<br>14:00  Jahreshauptversammlung der Deutschen Kakteen-Gesellschaft<br>15:30 \u2013 16:15  Vortrag \u201eDie Gattung <em>Astrophytum<\/em> am Standort und in Kultur\u201c (Klaus-Peter Kleszewski)<br>16:30 \u2013 17:15  Vortrag \u201eUnter kanarischer Sonne\u201c (Wolfgang Borgmann)<\/p>\n\n\n\n<p><span style=\"text-decoration: underline;\">Sonntag, 28.05.2023<\/span><br>10:00 \u2013 18:00  Sukkulentenb\u00f6rse und -ausstellung<\/p>\n","protected":false},"excerpt":{"rendered":"<p>Die \u201eOldenburger Kakteenfreunde e. V.\u201c richten am Pfingstwochenende (Freitag, 26. Mai bis Sonntag, 28. Mai 2023) eine Sukkulentenb\u00f6rse und -ausstellung im Botanischen Garten der Universit\u00e4t Oldenburg aus und sind Gastgeber der Jahreshauptversammlung (JHV) der Deutschen Kakteen-Gesellschaft (27. Mai 2023). Zum Rahmenprogramm geh\u00f6ren Vortr\u00e4ge \u00fcber die Welt der Kakteen und anderer sukkulenter Pflanzen. Auch f\u00fcr das [&hellip;]<\/p>\n","protected":false},"author":2,"featured_media":0,"parent":0,"menu_order":0,"comment_status":"closed","ping_status":"closed","template":"page-full-width.php","meta":{"footnotes":""},"class_list":["post-525","page","type-page","status-publish","hentry"],"_links":{"self":[{"href":"http:\/\/www.oldenburger-kakteenfreunde.eu\/index.php?rest_route=\/wp\/v2\/pages\/525","targetHints":{"allow":["GET"]}}],"collection":[{"href":"http:\/\/www.oldenburger-kakteenfreunde.eu\/index.php?rest_route=\/wp\/v2\/pages"}],"about":[{"href":"http:\/\/www.oldenburger-kakteenfreunde.eu\/index.php?rest_route=\/wp\/v2\/types\/page"}],"author":[{"embeddable":true,"href":"http:\/\/www.oldenburger-kakteenfreunde.eu\/index.php?rest_route=\/wp\/v2\/users\/2"}],"replies":[{"embeddable":true,"href":"http:\/\/www.oldenburger-kakteenfreunde.eu\/index.php?rest_route=%2Fwp%2Fv2%2Fcomments&post=525"}],"version-history":[{"count":4,"href":"http:\/\/www.oldenburger-kakteenfreunde.eu\/index.php?rest_route=\/wp\/v2\/pages\/525\/revisions"}],"predecessor-version":[{"id":534,"href":"http:\/\/www.oldenburger-kakteenfreunde.eu\/index.php?rest_route=\/wp\/v2\/pages\/525\/revisions\/534"}],"wp:attachment":[{"href":"http:\/\/www.oldenburger-kakteenfreunde.eu\/index.php?rest_route=%2Fwp%2Fv2%2Fmedia&parent=525"}],"curies":[{"name":"wp","href":"https:\/\/api.w.org\/{rel}","templated":true}]}}